{"id":937,"date":"2023-01-23T16:56:46","date_gmt":"2023-01-23T13:56:46","guid":{"rendered":"https:\/\/ilkadimcam.com\/%d0%ba%d0%be%d0%bc%d0%bc%d1%83%d0%bd%d0%b8%d0%ba%d0%b0%d1%86%d0%b8%d1%8f\/"},"modified":"2023-02-03T11:12:25","modified_gmt":"2023-02-03T08:12:25","slug":"%d0%ba%d0%be%d0%bc%d0%bc%d1%83%d0%bd%d0%b8%d0%ba%d0%b0%d1%86%d0%b8%d1%8f","status":"publish","type":"page","link":"https:\/\/ilkadimcam.com\/ru\/%d0%ba%d0%be%d0%bc%d0%bc%d1%83%d0%bd%d0%b8%d0%ba%d0%b0%d1%86%d0%b8%d1%8f\/","title":{"rendered":"\u041a\u043e\u043c\u043c\u0443\u043d\u0438\u043a\u0430\u0446\u0438\u044f"},"content":{"rendered":"\n\t<section class=\"section\" id=\"section_546453586\">\n\t\t<div class=\"bg section-bg fill bg-fill  \" >\n\n\t\t\t\n\t\t\t\n\t\t\t\n\n\t\t<\/div>\n\n\t\t\n\t<div class=\"ux-shape-divider ux-shape-divider--bottom ux-shape-divider--style-waves-opacity-3\">\n\t\t<svg viewBox=\"0 0 1000 300\" xmlns=\"http:\/\/www.w3.org\/2000\/svg\" preserveAspectRatio=\"none\">\n\t<path class=\"ux-shape-fill\" opacity=\"0.05\" d=\"M1014 264V386H206L34 300C34 300 344.42 277.16 436 221C542 156 590 160 704 209C811 255 899.11 214.94 979 346L1014 264Z\"\/>\n\t<path class=\"ux-shape-fill\" opacity=\"0.1\" d=\"M-302 55C-302 55 -66.73 263.25 50 214C178 160 283 116 353 141C445.68 174.1 534.28 256.19 588 249C692.9 235 764.52 75.94 855 131C940.61 183.09 1000 254 1000 254V328L-306 338L-302 55Z\"\/>\n\t<path class=\"ux-shape-fill\" opacity=\"0.15\" d=\"M-286 255C-286 255 -72 152 52 126C176 100 255 155 436 227C581.57 284.91 614.7 277.79 708 227C787 184 1009 3.0001 1093 164C1146 265.63 1031 293 1031 293L924 377L-288 389L-286 255Z\"\/>\n\t<path class=\"ux-shape-fill\" opacity=\"0.3\" d=\"M-24 69C-24 69 275.68 370.66 389 314C397 310 622 316 673 356C690.47 369.7 845 224 890 182C944.8 130.85 1018 92 1078 143C1154.12 207.7 1196 242 1196 242L1184 374L-28 386L-24 69Z\"\/>\n\t<path class=\"ux-shape-fill\" d=\"M-12 201C-12 201 58 284 182 258C306 232 342.29 221.23 456 264C565 305 640.82 288.36 721 249C776 222 837.5 191.31 935 253C984 284 1030 279 1030 279L1024 430L-12 440V201Z\"\/>\n<\/svg>\n\t<\/div>\n\n\t\t<div class=\"section-content relative\">\n\t\t\t\n\n\t<div id=\"text-1328534747\" class=\"text\">\n\t\t\n\n<h2>\u041a\u043e\u043c\u043c\u0443\u043d\u0438\u043a\u0430\u0446\u0438\u044f<\/h2>\n\t\t\n<style>\n#text-1328534747 {\n  font-size: 2rem;\n  line-height: 0.75;\n  text-align: center;\n  color: rgb(255,255,255);\n}\n#text-1328534747 > * {\n  color: rgb(255,255,255);\n}\n<\/style>\n\t<\/div>\n\t\n<div class=\"text-center\"><div class=\"is-divider divider clearfix\" style=\"max-width:60px;background-color:rgb(255, 255, 255);\"><\/div><\/div>\n\n\n\t\t<\/div>\n\n\t\t\n<style>\n#section_546453586 {\n  padding-top: 30px;\n  padding-bottom: 30px;\n  min-height: 250px;\n}\n#section_546453586 .section-bg.bg-loaded {\n  background-image: url(https:\/\/ilkadimcam.com\/wp-content\/uploads\/2023\/01\/bg_blog1.webp);\n}\n#section_546453586 .section-bg {\n  background-position: 59% 90%;\n}\n#section_546453586 .ux-shape-divider--bottom svg {\n  height: 150px;\n  --divider-width: 100%;\n}\n#section_546453586 .ux-shape-divider--bottom .ux-shape-fill {\n  fill: rgb(240, 243, 244);\n}\n@media (min-width:550px) {\n  #section_546453586 {\n    min-height: 225px;\n  }\n}\n<\/style>\n\t<\/section>\n\t\n<div class=\"row row-large\" style=\"max-width:1400px\" id=\"row-179441577\">\n\n\n\t<div id=\"col-1628307201\" class=\"col small-12 large-12\"  >\n\t\t\t\t<div class=\"col-inner\" style=\"background-color:rgb(255, 255, 255);\" >\n\t\t\t\n\t\t\t\n\n<div class=\"row row-collapse row-full-width\"  id=\"row-530242662\">\n\n\n\t<div id=\"col-963462847\" class=\"col medium-12 small-12 large-6\"  >\n\t\t\t\t<div class=\"col-inner\"  >\n\t\t\t\n\t\t\t\n\n<h2><span style=\"font-size: 120%;\">\u0421\u0432\u044f\u0436\u0438\u0442\u0435\u0441\u044c \u0441 \u043d\u0430\u043c\u0438<\/span><\/h2>\n<p>\u0417\u0430 \u043a\u0430\u0447\u0435\u0441\u0442\u0432\u043e \u0438 \u043f\u0440\u043e\u0438\u0437\u0432\u043e\u0434\u0438\u0442\u0435\u043b\u044c\u043d\u043e\u0441\u0442\u044c <span class=\"fancy-underline\">\u043c\u044b \u043f\u0440\u0435\u0434\u043b\u0430\u0433\u0430\u0435\u043c \u043b\u0443\u0447\u0448\u0435\u0435.<\/span><\/p>\n\t<div id=\"gap-1440365011\" class=\"gap-element clearfix\" style=\"display:block; height:auto;\">\n\t\t\n<style>\n#gap-1440365011 {\n  padding-top: 20px;\n}\n@media (min-width:550px) {\n  #gap-1440365011 {\n    padding-top: 20px;\n  }\n}\n@media (min-width:850px) {\n  #gap-1440365011 {\n    padding-top: 30px;\n  }\n}\n<\/style>\n\t<\/div>\n\t\n\n<div class=\"row\"  id=\"row-735297011\">\n\n\n\t<div id=\"col-76973991\" class=\"col medium-6 small-12 large-6\"  >\n\t\t\t\t<div class=\"col-inner\"  >\n\t\t\t\n\t\t\t\n\n\t<div class=\"img has-hover x md-x lg-x y md-y lg-y\" id=\"image_648613616\">\n\t\t\t\t\t\t\t\t<div class=\"img-inner dark\" >\n\t\t\t<img loading=\"lazy\" decoding=\"async\" width=\"240\" height=\"240\" src=\"https:\/\/ilkadimcam.com\/wp-content\/uploads\/2023\/01\/map-pin-2-fill-2.png\" class=\"attachment-large size-large\" alt=\"\" \/>\t\t\t\t\t\t\n\t\t\t\t\t<\/div>\n\t\t\t\t\t\t\t\t\n<style>\n#image_648613616 {\n  width: 15%;\n}\n@media (min-width:550px) {\n  #image_648613616 {\n    width: 20%;\n  }\n}\n<\/style>\n\t<\/div>\n\t\n\n<h3>\u0410\u0414\u0420\u0415\u0421<\/h3>\n<p>Vali M. Erdo\u011fan Cebeci Blv. No:33, 55300 \u015eabano\u011flu OSB<br> Tekkek\u00f6y \/ Samsun<\/p>\n\n\t\t<\/div>\n\t\t\t\t\t<\/div>\n\n\t\n\n\t<div id=\"col-53202875\" class=\"col medium-5 small-12 large-6\"  >\n\t\t\t\t<div class=\"col-inner\"  >\n\t\t\t\n\t\t\t\n\n\t<div class=\"img has-hover x md-x lg-x y md-y lg-y\" id=\"image_931165951\">\n\t\t\t\t\t\t\t\t<div class=\"img-inner dark\" >\n\t\t\t<img loading=\"lazy\" decoding=\"async\" width=\"240\" height=\"240\" src=\"https:\/\/ilkadimcam.com\/wp-content\/uploads\/2023\/01\/time-fill.png\" class=\"attachment-large size-large\" alt=\"\" \/>\t\t\t\t\t\t\n\t\t\t\t\t<\/div>\n\t\t\t\t\t\t\t\t\n<style>\n#image_931165951 {\n  width: 15%;\n}\n@media (min-width:550px) {\n  #image_931165951 {\n    width: 20%;\n  }\n}\n<\/style>\n\t<\/div>\n\t\n\n<h3>\u0420\u0410\u0411\u041e\u0427\u0418\u0415 \u0427\u0410\u0421\u042b<\/h3>\n<p>\u041f\u043d &#8212; \u0421\u0431 08:30\u201317:30<\/p>\n<p>\u0412\u043e\u0441\u043a\u0440\u0435\u0441\u0435\u043d\u044c\u0435 \u2013 \u0417\u0410\u041a\u0420\u042b\u0422\u041e<\/p>\n\n\t\t<\/div>\n\t\t\t\t\t<\/div>\n\n\t\n\n<\/div>\n<div class=\"row\"  id=\"row-541234616\">\n\n\n\t<div id=\"col-877229063\" class=\"col medium-6 small-12 large-6\"  >\n\t\t\t\t<div class=\"col-inner\"  >\n\t\t\t\n\t\t\t\n\n\t<div class=\"img has-hover x md-x lg-x y md-y lg-y\" id=\"image_174016824\">\n\t\t\t\t\t\t\t\t<div class=\"img-inner dark\" >\n\t\t\t<img loading=\"lazy\" decoding=\"async\" width=\"240\" height=\"240\" src=\"https:\/\/ilkadimcam.com\/wp-content\/uploads\/2023\/01\/mail-open-fill.png\" class=\"attachment-large size-large\" alt=\"\" \/>\t\t\t\t\t\t\n\t\t\t\t\t<\/div>\n\t\t\t\t\t\t\t\t\n<style>\n#image_174016824 {\n  width: 15%;\n}\n@media (min-width:550px) {\n  #image_174016824 {\n    width: 20%;\n  }\n}\n<\/style>\n\t<\/div>\n\t\n\n<h3>\u042d\u041b. \u0410\u0414\u0420\u0415\u0421<\/h3>\n<p>iletisim[@]ilkadimcam.com<\/p>\n\n\t\t<\/div>\n\t\t\t\t\t<\/div>\n\n\t\n\n\t<div id=\"col-200328657\" class=\"col medium-6 small-12 large-6\"  >\n\t\t\t\t<div class=\"col-inner\"  >\n\t\t\t\n\t\t\t\n\n\t<div class=\"img has-hover x md-x lg-x y md-y lg-y\" id=\"image_1366071194\">\n\t\t\t\t\t\t\t\t<div class=\"img-inner dark\" >\n\t\t\t<img loading=\"lazy\" decoding=\"async\" width=\"240\" height=\"240\" src=\"https:\/\/ilkadimcam.com\/wp-content\/uploads\/2023\/01\/phone-fill.png\" class=\"attachment-large size-large\" alt=\"\" \/>\t\t\t\t\t\t\n\t\t\t\t\t<\/div>\n\t\t\t\t\t\t\t\t\n<style>\n#image_1366071194 {\n  width: 15%;\n}\n@media (min-width:550px) {\n  #image_1366071194 {\n    width: 20%;\n  }\n}\n<\/style>\n\t<\/div>\n\t\n\n<h3>\u0422\u0415\u041b\u0415\u0424\u041e\u041d<\/h3>\n<p><a href=\"tel:03622667800\">0362 266 78 00<\/a><br>\n<a href=\"tel:05422667800\">0542 266 78 00<\/a><\/p>\n<h3>\u0424\u0410\u041a\u0421<\/h3>\n<p>\n<a href=\"tel:05422667800\">0362 266 47 70<\/a><\/p>\n\n\t\t<\/div>\n\t\t\t\t\t<\/div>\n\n\t\n\n<\/div>\n\n\t\t<\/div>\n\t\t\t\t\n<style>\n#col-963462847 > .col-inner {\n  padding: 0px 0px 0px 20px;\n}\n<\/style>\n\t<\/div>\n\n\t\n\n\t<div id=\"col-2051695187\" class=\"col medium-12 small-12 large-6\"  >\n\t\t\t\t<div class=\"col-inner\"  >\n\t\t\t\n\t\t\t\n\n<h2><span style=\"font-size: 120%;\">\u0424\u043e\u0440\u043c\u0430 \u043e\u0431\u0440\u0430\u0442\u043d\u043e\u0439 \u0441\u0432\u044f\u0437\u0438<\/span><\/h2>\n\t<div id=\"gap-1102235887\" class=\"gap-element clearfix\" style=\"display:block; height:auto;\">\n\t\t\n<style>\n#gap-1102235887 {\n  padding-top: 20px;\n}\n@media (min-width:550px) {\n  #gap-1102235887 {\n    padding-top: 20px;\n  }\n}\n@media (min-width:850px) {\n  #gap-1102235887 {\n    padding-top: 30px;\n  }\n}\n<\/style>\n\t<\/div>\n\t\n\n\n<div class=\"wpcf7 no-js\" id=\"wpcf7-f1251-o1\" lang=\"ru-RU\" dir=\"ltr\" data-wpcf7-id=\"1251\">\n<div class=\"screen-reader-response\"><p role=\"status\" aria-live=\"polite\" aria-atomic=\"true\"><\/p> <ul><\/ul><\/div>\n<form action=\"\/ru\/wp-json\/wp\/v2\/pages\/937#wpcf7-f1251-o1\" method=\"post\" class=\"wpcf7-form init\" aria-label=\"Contact form\" novalidate=\"novalidate\" data-status=\"init\">\n<fieldset class=\"hidden-fields-container\"><input type=\"hidden\" name=\"_wpcf7\" value=\"1251\" \/><input type=\"hidden\" name=\"_wpcf7_version\" value=\"6.1.5\" \/><input type=\"hidden\" name=\"_wpcf7_locale\" value=\"ru_RU\" \/><input type=\"hidden\" name=\"_wpcf7_unit_tag\" value=\"wpcf7-f1251-o1\" \/><input type=\"hidden\" name=\"_wpcf7_container_post\" value=\"0\" \/><input type=\"hidden\" name=\"_wpcf7_posted_data_hash\" value=\"\" \/>\n<\/fieldset>\n<div>\n\t<p><label> \u0418\u043c\u044f \u0424\u0430\u043c\u0438\u043b\u0438\u044f<br \/>\n<span class=\"wpcf7-form-control-wrap\" data-name=\"adsoyad\"><input size=\"40\" maxlength=\"400\" class=\"wpcf7-form-control wpcf7-text wpcf7-validates-as-required\" autocomplete=\"name\" aria-required=\"true\" aria-invalid=\"false\" value=\"\" type=\"text\" name=\"adsoyad\" \/><\/span> <\/label>\n\t<\/p>\n\t<p><label> \u0410\u0434\u0440\u0435\u0441 \u044d\u043b\u0435\u043a\u0442\u0440\u043e\u043d\u043d\u043e\u0439 \u043f\u043e\u0447\u0442\u044b<br \/>\n<span class=\"wpcf7-form-control-wrap\" data-name=\"e-posta\"><input size=\"40\" maxlength=\"400\" class=\"wpcf7-form-control wpcf7-email wpcf7-validates-as-required wpcf7-text wpcf7-validates-as-email\" autocomplete=\"email\" aria-required=\"true\" aria-invalid=\"false\" value=\"\" type=\"email\" name=\"e-posta\" \/><\/span> <\/label>\n\t<\/p>\n\t<p><label> \u041f\u0440\u0435\u0434\u043c\u0435\u0442<br \/>\n<span class=\"wpcf7-form-control-wrap\" data-name=\"konu\"><input size=\"40\" maxlength=\"400\" class=\"wpcf7-form-control wpcf7-text wpcf7-validates-as-required\" aria-required=\"true\" aria-invalid=\"false\" value=\"\" type=\"text\" name=\"konu\" \/><\/span> <\/label>\n\t<\/p>\n\t<p><label> \u041e\u043f\u0438\u0441\u0430\u043d\u0438\u0435 (\u043d\u0435\u043e\u0431\u044f\u0437\u0430\u0442\u0435\u043b\u044c\u043d\u043e)<br \/>\n<span class=\"wpcf7-form-control-wrap\" data-name=\"aciklama\"><textarea cols=\"40\" rows=\"10\" maxlength=\"2000\" class=\"wpcf7-form-control wpcf7-textarea\" aria-invalid=\"false\" name=\"aciklama\"><\/textarea><\/span> <\/label><br \/>\n<input class=\"wpcf7-form-control wpcf7-submit has-spinner button\" type=\"submit\" value=\"G\u00f6nder\" \/>\n\t<\/p>\n\t<p><small><br \/>\n<span class=\"wpcf7-form-control-wrap\" data-name=\"kosul_kabul\"><span class=\"wpcf7-form-control wpcf7-acceptance\"><span class=\"wpcf7-list-item\"><label><input type=\"checkbox\" name=\"kosul_kabul\" value=\"1\" checked=\"checked\" class=\"iletisim_onay\" aria-invalid=\"false\" \/><span class=\"wpcf7-list-item-label\">\u041e \u0437\u0430\u0449\u0438\u0442\u0435 \u043f\u0435\u0440\u0441\u043e\u043d\u0430\u043b\u044c\u043d\u044b\u0445 \u0434\u0430\u043d\u043d\u044b\u0445 <a href=\"\/aydinlatma-metni\" target=\"_blank\">\u041f\u043e\u0434\u0441\u0432\u0435\u0442\u043a\u0430 \u0442\u0435\u043a\u0441\u0442\u0430<\/a> \u042f \u043f\u0440\u043e\u0447\u0438\u0442\u0430\u043b, \u044f \u043f\u0440\u0438\u043d\u0438\u043c\u0430\u044e. \u0424\u043e\u0440\u043c\u0430 \u0437\u0430\u0449\u0438\u0442\u044b \u043f\u0435\u0440\u0441\u043e\u043d\u0430\u043b\u044c\u043d\u044b\u0445 \u0434\u0430\u043d\u043d\u044b\u0445 <a href=\"\/wp-content\/uploads\/2023\/01\/VeriSahibi-Basvuru-Formu.docx\" target=\"_blank\">\u043e\u0442\u0441\u044e\u0434\u0430<\/a> \u0432\u044b \u043c\u043e\u0436\u0435\u0442\u0435 \u0434\u043e\u0441\u0442\u0438\u0447\u044c.<\/span><\/label><\/span><\/span><\/span><br \/>\n<\/small>\n\t<\/p>\n<\/div><div class=\"wpcf7-response-output\" aria-hidden=\"true\"><\/div>\n<\/form>\n<\/div>\n\n\n\n\t\t<\/div>\n\t\t\t\t\t<\/div>\n\n\t\n\n\n<style>\n#row-530242662 > .col > .col-inner {\n  padding: 0px 15px 0px 15px;\n}\n<\/style>\n<\/div>\n\n\t\t<\/div>\n\t\t\t\t\n<style>\n#col-1628307201 > .col-inner {\n  padding: 50px 20px 0px 20px;\n  margin: -0 0px 0px 0px;\n}\n@media (min-width:550px) {\n  #col-1628307201 > .col-inner {\n    padding: 50px 20px 30px 20px;\n    margin: 0 0px 0px 0px;\n  }\n}\n@media (min-width:850px) {\n  #col-1628307201 > .col-inner {\n    padding: 16px 5% 16px 5%;\n    margin: -90px 0px 0px 0px;\n  }\n}\n<\/style>\n\t<\/div>\n\n\t\n\n<\/div>\n<div class=\"row row-collapse row-full-width align-center\"  id=\"row-2079050239\">\n\n\n\t<div id=\"col-1062770939\" class=\"col small-12 large-12\"  >\n\t\t\t\t<div class=\"col-inner\"  >\n\t\t\t\n\t\t\t\n\n\n\n<iframe src=\"https:\/\/www.google.com\/maps\/embed?pb=!1m18!1m12!1m3!1d3000.2022126019174!2d36.4261942154212!3d41.23915297927801!2m3!1f0!2f0!3f0!3m2!1i1024!2i768!4f13.1!3m3!1m2!1s0x4088757eae026b4f%3A0x1df492d33b09335a!2s%C4%B0lkad%C4%B1m%20Cam%20ve%20Ayna%20Sanayi!5e0!3m2!1sen!2str!4v1674482405951!5m2!1sen!2str\" width=\"100%\" height=\"500\" style=\"border:0;margin-top:-25px;\" allowfullscreen=\"\" loading=\"lazy\" referrerpolicy=\"no-referrer-when-downgrade\"><\/iframe>\n\n\n\t\t<\/div>\n\t\t\t\t\t<\/div>\n\n\t\n\n<\/div>\n\n","protected":false},"excerpt":{"rendered":"","protected":false},"author":1,"featured_media":759,"parent":0,"menu_order":0,"comment_status":"closed","ping_status":"closed","template":"page-blank.php","meta":{"footnotes":""},"class_list":["post-937","page","type-page","status-publish","has-post-thumbnail","hentry"],"yoast_head":"<!-- This site is optimized with the Yoast SEO plugin v27.1.1 - https:\/\/yoast.com\/product\/yoast-seo-wordpress\/ -->\n<title>\u041a\u043e\u043c\u043c\u0443\u043d\u0438\u043a\u0430\u0446\u0438\u044f - \u0130lkad\u0131m Cam ve Ayna Sanayi<\/title>\n<meta name=\"robots\" content=\"index, follow, max-snippet:-1, max-image-preview:large, max-video-preview:-1\" \/>\n<link rel=\"canonical\" href=\"https:\/\/ilkadimcam.com\/ru\/%d0%ba%d0%be%d0%bc%d0%bc%d1%83%d0%bd%d0%b8%d0%ba%d0%b0%d1%86%d0%b8%d1%8f\/\" \/>\n<meta property=\"og:locale\" content=\"ru_RU\" \/>\n<meta property=\"og:type\" content=\"article\" \/>\n<meta property=\"og:title\" content=\"\u041a\u043e\u043c\u043c\u0443\u043d\u0438\u043a\u0430\u0446\u0438\u044f - \u0130lkad\u0131m Cam ve Ayna Sanayi\" \/>\n<meta property=\"og:url\" content=\"https:\/\/ilkadimcam.com\/ru\/%d0%ba%d0%be%d0%bc%d0%bc%d1%83%d0%bd%d0%b8%d0%ba%d0%b0%d1%86%d0%b8%d1%8f\/\" \/>\n<meta property=\"og:site_name\" content=\"\u0130lkad\u0131m Cam ve Ayna Sanayi\" \/>\n<meta property=\"article:modified_time\" content=\"2023-02-03T08:12:25+00:00\" \/>\n<meta property=\"og:image\" content=\"https:\/\/ilkadimcam.com\/wp-content\/uploads\/2023\/01\/bg_blog1.webp\" \/>\n\t<meta property=\"og:image:width\" content=\"1200\" \/>\n\t<meta property=\"og:image:height\" content=\"675\" \/>\n\t<meta property=\"og:image:type\" content=\"image\/webp\" \/>\n<meta name=\"twitter:card\" content=\"summary_large_image\" \/>\n<meta name=\"twitter:label1\" content=\"\u041f\u0440\u0438\u043c\u0435\u0440\u043d\u043e\u0435 \u0432\u0440\u0435\u043c\u044f \u0434\u043b\u044f \u0447\u0442\u0435\u043d\u0438\u044f\" \/>\n\t<meta name=\"twitter:data1\" content=\"1 \u043c\u0438\u043d\u0443\u0442\u0430\" \/>\n<script type=\"application\/ld+json\" class=\"yoast-schema-graph\">{\"@context\":\"https:\/\/schema.org\",\"@graph\":[{\"@type\":\"WebPage\",\"@id\":\"https:\/\/ilkadimcam.com\/ru\/%d0%ba%d0%be%d0%bc%d0%bc%d1%83%d0%bd%d0%b8%d0%ba%d0%b0%d1%86%d0%b8%d1%8f\/\",\"url\":\"https:\/\/ilkadimcam.com\/ru\/%d0%ba%d0%be%d0%bc%d0%bc%d1%83%d0%bd%d0%b8%d0%ba%d0%b0%d1%86%d0%b8%d1%8f\/\",\"name\":\"\u041a\u043e\u043c\u043c\u0443\u043d\u0438\u043a\u0430\u0446\u0438\u044f - \u0130lkad\u0131m Cam ve Ayna Sanayi\",\"isPartOf\":{\"@id\":\"https:\/\/ilkadimcam.com\/ru\/#website\"},\"primaryImageOfPage\":{\"@id\":\"https:\/\/ilkadimcam.com\/ru\/%d0%ba%d0%be%d0%bc%d0%bc%d1%83%d0%bd%d0%b8%d0%ba%d0%b0%d1%86%d0%b8%d1%8f\/#primaryimage\"},\"image\":{\"@id\":\"https:\/\/ilkadimcam.com\/ru\/%d0%ba%d0%be%d0%bc%d0%bc%d1%83%d0%bd%d0%b8%d0%ba%d0%b0%d1%86%d0%b8%d1%8f\/#primaryimage\"},\"thumbnailUrl\":\"https:\/\/ilkadimcam.com\/wp-content\/uploads\/2023\/01\/bg_blog1.webp\",\"datePublished\":\"2023-01-23T13:56:46+00:00\",\"dateModified\":\"2023-02-03T08:12:25+00:00\",\"breadcrumb\":{\"@id\":\"https:\/\/ilkadimcam.com\/ru\/%d0%ba%d0%be%d0%bc%d0%bc%d1%83%d0%bd%d0%b8%d0%ba%d0%b0%d1%86%d0%b8%d1%8f\/#breadcrumb\"},\"inLanguage\":\"ru-RU\",\"potentialAction\":[{\"@type\":\"ReadAction\",\"target\":[\"https:\/\/ilkadimcam.com\/ru\/%d0%ba%d0%be%d0%bc%d0%bc%d1%83%d0%bd%d0%b8%d0%ba%d0%b0%d1%86%d0%b8%d1%8f\/\"]}]},{\"@type\":\"ImageObject\",\"inLanguage\":\"ru-RU\",\"@id\":\"https:\/\/ilkadimcam.com\/ru\/%d0%ba%d0%be%d0%bc%d0%bc%d1%83%d0%bd%d0%b8%d0%ba%d0%b0%d1%86%d0%b8%d1%8f\/#primaryimage\",\"url\":\"https:\/\/ilkadimcam.com\/wp-content\/uploads\/2023\/01\/bg_blog1.webp\",\"contentUrl\":\"https:\/\/ilkadimcam.com\/wp-content\/uploads\/2023\/01\/bg_blog1.webp\",\"width\":1200,\"height\":675},{\"@type\":\"BreadcrumbList\",\"@id\":\"https:\/\/ilkadimcam.com\/ru\/%d0%ba%d0%be%d0%bc%d0%bc%d1%83%d0%bd%d0%b8%d0%ba%d0%b0%d1%86%d0%b8%d1%8f\/#breadcrumb\",\"itemListElement\":[{\"@type\":\"ListItem\",\"position\":1,\"name\":\"Anasayfa\",\"item\":\"https:\/\/ilkadimcam.com\/ru\/ilkadim-cam\/\"},{\"@type\":\"ListItem\",\"position\":2,\"name\":\"\u041a\u043e\u043c\u043c\u0443\u043d\u0438\u043a\u0430\u0446\u0438\u044f\"}]},{\"@type\":\"WebSite\",\"@id\":\"https:\/\/ilkadimcam.com\/ru\/#website\",\"url\":\"https:\/\/ilkadimcam.com\/ru\/\",\"name\":\"\u0130lkad\u0131m Cam ve Ayna Sanayi\",\"description\":\"\u0130lkad\u0131m Cam ve Ayna Sanayi\",\"publisher\":{\"@id\":\"https:\/\/ilkadimcam.com\/ru\/#organization\"},\"potentialAction\":[{\"@type\":\"SearchAction\",\"target\":{\"@type\":\"EntryPoint\",\"urlTemplate\":\"https:\/\/ilkadimcam.com\/ru\/?s={search_term_string}\"},\"query-input\":{\"@type\":\"PropertyValueSpecification\",\"valueRequired\":true,\"valueName\":\"search_term_string\"}}],\"inLanguage\":\"ru-RU\"},{\"@type\":\"Organization\",\"@id\":\"https:\/\/ilkadimcam.com\/ru\/#organization\",\"name\":\"\u0130lkad\u0131m Cam ve Ayna Sanayi\",\"url\":\"https:\/\/ilkadimcam.com\/ru\/\",\"logo\":{\"@type\":\"ImageObject\",\"inLanguage\":\"ru-RU\",\"@id\":\"https:\/\/ilkadimcam.com\/ru\/#\/schema\/logo\/image\/\",\"url\":\"https:\/\/ilkadimcam.com\/wp-content\/uploads\/2023\/01\/logo_ilkadimcam.png\",\"contentUrl\":\"https:\/\/ilkadimcam.com\/wp-content\/uploads\/2023\/01\/logo_ilkadimcam.png\",\"width\":196,\"height\":70,\"caption\":\"\u0130lkad\u0131m Cam ve Ayna Sanayi\"},\"image\":{\"@id\":\"https:\/\/ilkadimcam.com\/ru\/#\/schema\/logo\/image\/\"}}]}<\/script>\n<!-- \/ Yoast SEO plugin. -->","yoast_head_json":{"title":"\u041a\u043e\u043c\u043c\u0443\u043d\u0438\u043a\u0430\u0446\u0438\u044f - \u0130lkad\u0131m Cam ve Ayna Sanayi","robots":{"index":"index","follow":"follow","max-snippet":"max-snippet:-1","max-image-preview":"max-image-preview:large","max-video-preview":"max-video-preview:-1"},"canonical":"https:\/\/ilkadimcam.com\/ru\/%d0%ba%d0%be%d0%bc%d0%bc%d1%83%d0%bd%d0%b8%d0%ba%d0%b0%d1%86%d0%b8%d1%8f\/","og_locale":"ru_RU","og_type":"article","og_title":"\u041a\u043e\u043c\u043c\u0443\u043d\u0438\u043a\u0430\u0446\u0438\u044f - \u0130lkad\u0131m Cam ve Ayna Sanayi","og_url":"https:\/\/ilkadimcam.com\/ru\/%d0%ba%d0%be%d0%bc%d0%bc%d1%83%d0%bd%d0%b8%d0%ba%d0%b0%d1%86%d0%b8%d1%8f\/","og_site_name":"\u0130lkad\u0131m Cam ve Ayna Sanayi","article_modified_time":"2023-02-03T08:12:25+00:00","og_image":[{"width":1200,"height":675,"url":"https:\/\/ilkadimcam.com\/wp-content\/uploads\/2023\/01\/bg_blog1.webp","type":"image\/webp"}],"twitter_card":"summary_large_image","twitter_misc":{"\u041f\u0440\u0438\u043c\u0435\u0440\u043d\u043e\u0435 \u0432\u0440\u0435\u043c\u044f \u0434\u043b\u044f \u0447\u0442\u0435\u043d\u0438\u044f":"1 \u043c\u0438\u043d\u0443\u0442\u0430"},"schema":{"@context":"https:\/\/schema.org","@graph":[{"@type":"WebPage","@id":"https:\/\/ilkadimcam.com\/ru\/%d0%ba%d0%be%d0%bc%d0%bc%d1%83%d0%bd%d0%b8%d0%ba%d0%b0%d1%86%d0%b8%d1%8f\/","url":"https:\/\/ilkadimcam.com\/ru\/%d0%ba%d0%be%d0%bc%d0%bc%d1%83%d0%bd%d0%b8%d0%ba%d0%b0%d1%86%d0%b8%d1%8f\/","name":"\u041a\u043e\u043c\u043c\u0443\u043d\u0438\u043a\u0430\u0446\u0438\u044f - \u0130lkad\u0131m Cam ve Ayna Sanayi","isPartOf":{"@id":"https:\/\/ilkadimcam.com\/ru\/#website"},"primaryImageOfPage":{"@id":"https:\/\/ilkadimcam.com\/ru\/%d0%ba%d0%be%d0%bc%d0%bc%d1%83%d0%bd%d0%b8%d0%ba%d0%b0%d1%86%d0%b8%d1%8f\/#primaryimage"},"image":{"@id":"https:\/\/ilkadimcam.com\/ru\/%d0%ba%d0%be%d0%bc%d0%bc%d1%83%d0%bd%d0%b8%d0%ba%d0%b0%d1%86%d0%b8%d1%8f\/#primaryimage"},"thumbnailUrl":"https:\/\/ilkadimcam.com\/wp-content\/uploads\/2023\/01\/bg_blog1.webp","datePublished":"2023-01-23T13:56:46+00:00","dateModified":"2023-02-03T08:12:25+00:00","breadcrumb":{"@id":"https:\/\/ilkadimcam.com\/ru\/%d0%ba%d0%be%d0%bc%d0%bc%d1%83%d0%bd%d0%b8%d0%ba%d0%b0%d1%86%d0%b8%d1%8f\/#breadcrumb"},"inLanguage":"ru-RU","potentialAction":[{"@type":"ReadAction","target":["https:\/\/ilkadimcam.com\/ru\/%d0%ba%d0%be%d0%bc%d0%bc%d1%83%d0%bd%d0%b8%d0%ba%d0%b0%d1%86%d0%b8%d1%8f\/"]}]},{"@type":"ImageObject","inLanguage":"ru-RU","@id":"https:\/\/ilkadimcam.com\/ru\/%d0%ba%d0%be%d0%bc%d0%bc%d1%83%d0%bd%d0%b8%d0%ba%d0%b0%d1%86%d0%b8%d1%8f\/#primaryimage","url":"https:\/\/ilkadimcam.com\/wp-content\/uploads\/2023\/01\/bg_blog1.webp","contentUrl":"https:\/\/ilkadimcam.com\/wp-content\/uploads\/2023\/01\/bg_blog1.webp","width":1200,"height":675},{"@type":"BreadcrumbList","@id":"https:\/\/ilkadimcam.com\/ru\/%d0%ba%d0%be%d0%bc%d0%bc%d1%83%d0%bd%d0%b8%d0%ba%d0%b0%d1%86%d0%b8%d1%8f\/#breadcrumb","itemListElement":[{"@type":"ListItem","position":1,"name":"Anasayfa","item":"https:\/\/ilkadimcam.com\/ru\/ilkadim-cam\/"},{"@type":"ListItem","position":2,"name":"\u041a\u043e\u043c\u043c\u0443\u043d\u0438\u043a\u0430\u0446\u0438\u044f"}]},{"@type":"WebSite","@id":"https:\/\/ilkadimcam.com\/ru\/#website","url":"https:\/\/ilkadimcam.com\/ru\/","name":"\u0130lkad\u0131m Cam ve Ayna Sanayi","description":"\u0130lkad\u0131m Cam ve Ayna Sanayi","publisher":{"@id":"https:\/\/ilkadimcam.com\/ru\/#organization"},"potentialAction":[{"@type":"SearchAction","target":{"@type":"EntryPoint","urlTemplate":"https:\/\/ilkadimcam.com\/ru\/?s={search_term_string}"},"query-input":{"@type":"PropertyValueSpecification","valueRequired":true,"valueName":"search_term_string"}}],"inLanguage":"ru-RU"},{"@type":"Organization","@id":"https:\/\/ilkadimcam.com\/ru\/#organization","name":"\u0130lkad\u0131m Cam ve Ayna Sanayi","url":"https:\/\/ilkadimcam.com\/ru\/","logo":{"@type":"ImageObject","inLanguage":"ru-RU","@id":"https:\/\/ilkadimcam.com\/ru\/#\/schema\/logo\/image\/","url":"https:\/\/ilkadimcam.com\/wp-content\/uploads\/2023\/01\/logo_ilkadimcam.png","contentUrl":"https:\/\/ilkadimcam.com\/wp-content\/uploads\/2023\/01\/logo_ilkadimcam.png","width":196,"height":70,"caption":"\u0130lkad\u0131m Cam ve Ayna Sanayi"},"image":{"@id":"https:\/\/ilkadimcam.com\/ru\/#\/schema\/logo\/image\/"}}]}},"_links":{"self":[{"href":"https:\/\/ilkadimcam.com\/ru\/wp-json\/wp\/v2\/pages\/937","targetHints":{"allow":["GET"]}}],"collection":[{"href":"https:\/\/ilkadimcam.com\/ru\/wp-json\/wp\/v2\/pages"}],"about":[{"href":"https:\/\/ilkadimcam.com\/ru\/wp-json\/wp\/v2\/types\/page"}],"author":[{"embeddable":true,"href":"https:\/\/ilkadimcam.com\/ru\/wp-json\/wp\/v2\/users\/1"}],"replies":[{"embeddable":true,"href":"https:\/\/ilkadimcam.com\/ru\/wp-json\/wp\/v2\/comments?post=937"}],"version-history":[{"count":6,"href":"https:\/\/ilkadimcam.com\/ru\/wp-json\/wp\/v2\/pages\/937\/revisions"}],"predecessor-version":[{"id":1419,"href":"https:\/\/ilkadimcam.com\/ru\/wp-json\/wp\/v2\/pages\/937\/revisions\/1419"}],"wp:featuredmedia":[{"embeddable":true,"href":"https:\/\/ilkadimcam.com\/ru\/wp-json\/wp\/v2\/media\/759"}],"wp:attachment":[{"href":"https:\/\/ilkadimcam.com\/ru\/wp-json\/wp\/v2\/media?parent=937"}],"curies":[{"name":"wp","href":"https:\/\/api.w.org\/{rel}","templated":true}]}}